{"id":1483,"date":"2015-03-03T15:11:28","date_gmt":"2015-03-03T14:11:28","guid":{"rendered":"http:\/\/recordati.ch\/ueber-uns\/kontakt\/"},"modified":"2023-07-24T08:29:54","modified_gmt":"2023-07-24T06:29:54","slug":"contact-profarma","status":"publish","type":"page","link":"https:\/\/rec012.dev.cubera.ch\/fr\/contact-profarma\/","title":{"rendered":"Contact"},"content":{"rendered":"<p>Recordati AG<br \/>\nLindenstrasse 8<br \/>\nCH-6340 Baar<\/p>\n<p><a href=\"mailto:info@recordati.ch\">info@recordati.ch<\/a><br \/>\nT\u00e9l\u00e9phone +41 41 769 10 00<br \/>\nFax +41 41 769 10 07<\/p>\n<p>Lunes \u00e0 Viernes<br \/>\n08.00 &#8211; 12.00 heures<br \/>\n13.00 &#8211; 17.00 heures<\/p>\n<p>R\u00e9clamation concernant un produit: <a href=\"mailto:pharmakovigilanz@recordati.com\">pharmakovigilanz@recordati.com<\/a><\/p>\n<p>&nbsp;<\/p>\n","protected":false},"excerpt":{"rendered":"<p>Recordati AG Lindenstrasse 8 CH-6340 Baar info@recordati.ch T\u00e9l\u00e9phone +41 41 769 10 00 Fax +41 41 769 10 07 Lunes \u00e0 Viernes 08.00 &#8211; 12.00 heures 13.00 &#8211; 17.00 heures R\u00e9clamation concernant un produit: pharmakovigilanz@recordati.com &nbsp;<\/p>\n","protected":false},"author":1,"featured_media":0,"parent":0,"menu_order":30,"comment_status":"closed","ping_status":"closed","template":"","meta":{"_acf_changed":false,"footnotes":""},"class_list":["post-1483","page","type-page","status-publish","hentry"],"acf":[],"yoast_head":"<!-- This site is optimized with the Yoast SEO plugin v20.12 - https:\/\/yoast.com\/wordpress\/plugins\/seo\/ -->\n<title>Contact - Recordati<\/title>\n<meta name=\"description\" content=\"Recordati AG, Baar, info@recordati.ch, T\u00e9l\u00e9phone +41 41 769 10 00, Fax +41 41 769 1007\" \/>\n<meta name=\"robots\" content=\"noindex, follow, max-snippet:-1, max-image-preview:large, max-video-preview:-1\" \/>\n<meta property=\"og:locale\" content=\"fr_FR\" \/>\n<meta property=\"og:type\" content=\"article\" \/>\n<meta property=\"og:title\" content=\"Contact - Recordati\" \/>\n<meta property=\"og:description\" content=\"Recordati AG, Baar, info@recordati.ch, T\u00e9l\u00e9phone +41 41 769 10 00, Fax +41 41 769 1007\" \/>\n<meta property=\"og:url\" content=\"https:\/\/rec012.dev.cubera.ch\/kontakt\/\" \/>\n<meta property=\"og:site_name\" content=\"Recordati\" \/>\n<meta property=\"article:modified_time\" content=\"2023-07-24T06:29:54+00:00\" \/>\n<meta name=\"twitter:card\" content=\"summary_large_image\" \/>\n<meta name=\"twitter:label1\" content=\"Est. reading time\" \/>\n\t<meta name=\"twitter:data1\" content=\"1 minute\" \/>\n<script type=\"application\/ld+json\" class=\"yoast-schema-graph\">{\"@context\":\"https:\/\/schema.org\",\"@graph\":[{\"@type\":\"WebPage\",\"@id\":\"https:\/\/rec012.dev.cubera.ch\/kontakt\/\",\"url\":\"https:\/\/rec012.dev.cubera.ch\/kontakt\/\",\"name\":\"Contact - Recordati\",\"isPartOf\":{\"@id\":\"https:\/\/rec012.dev.cubera.ch\/#website\"},\"datePublished\":\"2015-03-03T14:11:28+00:00\",\"dateModified\":\"2023-07-24T06:29:54+00:00\",\"description\":\"Recordati AG, Baar, info@recordati.ch, T\u00e9l\u00e9phone +41 41 769 10 00, Fax +41 41 769 1007\",\"breadcrumb\":{\"@id\":\"https:\/\/rec012.dev.cubera.ch\/kontakt\/#breadcrumb\"},\"inLanguage\":\"fr-FR\",\"potentialAction\":[{\"@type\":\"ReadAction\",\"target\":[\"https:\/\/rec012.dev.cubera.ch\/kontakt\/\"]}]},{\"@type\":\"BreadcrumbList\",\"@id\":\"https:\/\/rec012.dev.cubera.ch\/kontakt\/#breadcrumb\",\"itemListElement\":[{\"@type\":\"ListItem\",\"position\":1,\"name\":\"Startseite\",\"item\":\"https:\/\/rec012.dev.cubera.ch\/\"},{\"@type\":\"ListItem\",\"position\":2,\"name\":\"Contact\"}]},{\"@type\":\"WebSite\",\"@id\":\"https:\/\/rec012.dev.cubera.ch\/#website\",\"url\":\"https:\/\/rec012.dev.cubera.ch\/\",\"name\":\"Recordati\",\"description\":\"\",\"publisher\":{\"@id\":\"https:\/\/rec012.dev.cubera.ch\/#organization\"},\"potentialAction\":[{\"@type\":\"SearchAction\",\"target\":{\"@type\":\"EntryPoint\",\"urlTemplate\":\"https:\/\/rec012.dev.cubera.ch\/?s={search_term_string}\"},\"query-input\":\"required name=search_term_string\"}],\"inLanguage\":\"fr-FR\"},{\"@type\":\"Organization\",\"@id\":\"https:\/\/rec012.dev.cubera.ch\/#organization\",\"name\":\"Recordati AG\",\"url\":\"https:\/\/rec012.dev.cubera.ch\/\",\"logo\":{\"@type\":\"ImageObject\",\"inLanguage\":\"fr-FR\",\"@id\":\"https:\/\/rec012.dev.cubera.ch\/#\/schema\/logo\/image\/\",\"url\":\"\",\"contentUrl\":\"\",\"caption\":\"Recordati AG\"},\"image\":{\"@id\":\"https:\/\/rec012.dev.cubera.ch\/#\/schema\/logo\/image\/\"}}]}<\/script>\n<!-- \/ Yoast SEO plugin. -->","yoast_head_json":{"title":"Contact - Recordati","description":"Recordati AG, Baar, info@recordati.ch, T\u00e9l\u00e9phone +41 41 769 10 00, Fax +41 41 769 1007","robots":{"index":"noindex","follow":"follow","max-snippet":"max-snippet:-1","max-image-preview":"max-image-preview:large","max-video-preview":"max-video-preview:-1"},"og_locale":"fr_FR","og_type":"article","og_title":"Contact - Recordati","og_description":"Recordati AG, Baar, info@recordati.ch, T\u00e9l\u00e9phone +41 41 769 10 00, Fax +41 41 769 1007","og_url":"https:\/\/rec012.dev.cubera.ch\/kontakt\/","og_site_name":"Recordati","article_modified_time":"2023-07-24T06:29:54+00:00","twitter_card":"summary_large_image","twitter_misc":{"Est. reading time":"1 minute"},"schema":{"@context":"https:\/\/schema.org","@graph":[{"@type":"WebPage","@id":"https:\/\/rec012.dev.cubera.ch\/kontakt\/","url":"https:\/\/rec012.dev.cubera.ch\/kontakt\/","name":"Contact - Recordati","isPartOf":{"@id":"https:\/\/rec012.dev.cubera.ch\/#website"},"datePublished":"2015-03-03T14:11:28+00:00","dateModified":"2023-07-24T06:29:54+00:00","description":"Recordati AG, Baar, info@recordati.ch, T\u00e9l\u00e9phone +41 41 769 10 00, Fax +41 41 769 1007","breadcrumb":{"@id":"https:\/\/rec012.dev.cubera.ch\/kontakt\/#breadcrumb"},"inLanguage":"fr-FR","potentialAction":[{"@type":"ReadAction","target":["https:\/\/rec012.dev.cubera.ch\/kontakt\/"]}]},{"@type":"BreadcrumbList","@id":"https:\/\/rec012.dev.cubera.ch\/kontakt\/#breadcrumb","itemListElement":[{"@type":"ListItem","position":1,"name":"Startseite","item":"https:\/\/rec012.dev.cubera.ch\/"},{"@type":"ListItem","position":2,"name":"Contact"}]},{"@type":"WebSite","@id":"https:\/\/rec012.dev.cubera.ch\/#website","url":"https:\/\/rec012.dev.cubera.ch\/","name":"Recordati","description":"","publisher":{"@id":"https:\/\/rec012.dev.cubera.ch\/#organization"},"potentialAction":[{"@type":"SearchAction","target":{"@type":"EntryPoint","urlTemplate":"https:\/\/rec012.dev.cubera.ch\/?s={search_term_string}"},"query-input":"required name=search_term_string"}],"inLanguage":"fr-FR"},{"@type":"Organization","@id":"https:\/\/rec012.dev.cubera.ch\/#organization","name":"Recordati AG","url":"https:\/\/rec012.dev.cubera.ch\/","logo":{"@type":"ImageObject","inLanguage":"fr-FR","@id":"https:\/\/rec012.dev.cubera.ch\/#\/schema\/logo\/image\/","url":"","contentUrl":"","caption":"Recordati AG"},"image":{"@id":"https:\/\/rec012.dev.cubera.ch\/#\/schema\/logo\/image\/"}}]}},"_links":{"self":[{"href":"https:\/\/rec012.dev.cubera.ch\/fr\/wp-json\/wp\/v2\/pages\/1483"}],"collection":[{"href":"https:\/\/rec012.dev.cubera.ch\/fr\/wp-json\/wp\/v2\/pages"}],"about":[{"href":"https:\/\/rec012.dev.cubera.ch\/fr\/wp-json\/wp\/v2\/types\/page"}],"author":[{"embeddable":true,"href":"https:\/\/rec012.dev.cubera.ch\/fr\/wp-json\/wp\/v2\/users\/1"}],"replies":[{"embeddable":true,"href":"https:\/\/rec012.dev.cubera.ch\/fr\/wp-json\/wp\/v2\/comments?post=1483"}],"version-history":[{"count":9,"href":"https:\/\/rec012.dev.cubera.ch\/fr\/wp-json\/wp\/v2\/pages\/1483\/revisions"}],"predecessor-version":[{"id":7647,"href":"https:\/\/rec012.dev.cubera.ch\/fr\/wp-json\/wp\/v2\/pages\/1483\/revisions\/7647"}],"wp:attachment":[{"href":"https:\/\/rec012.dev.cubera.ch\/fr\/wp-json\/wp\/v2\/media?parent=1483"}],"curies":[{"name":"wp","href":"https:\/\/api.w.org\/{rel}","templated":true}]}}